{"id":17,"date":"2023-10-04T20:20:49","date_gmt":"2023-10-04T18:20:49","guid":{"rendered":"https:\/\/www.mindfulness-terapie.cz\/?page_id=17"},"modified":"2023-10-04T20:34:34","modified_gmt":"2023-10-04T18:34:34","slug":"prihlaska","status":"publish","type":"page","link":"https:\/\/www.mindfulness-terapie.cz\/?page_id=17","title":{"rendered":"P\u0159ihl\u00e1\u0161ka"},"content":{"rendered":"\n<div class=\"wp-block-contact-form-7-contact-form-selector\">\n<div class=\"wpcf7 no-js\" id=\"wpcf7-f7-o1\" lang=\"cs-CZ\" dir=\"ltr\" data-wpcf7-id=\"7\">\n<div class=\"screen-reader-response\"><p role=\"status\" aria-live=\"polite\" aria-atomic=\"true\"><\/p> <ul><\/ul><\/div>\n<form action=\"\/index.php?rest_route=%2Fwp%2Fv2%2Fpages%2F17#wpcf7-f7-o1\" method=\"post\" class=\"wpcf7-form init\" aria-label=\"Kontaktn\u00ed formul\u00e1\u0159\" novalidate=\"novalidate\" data-status=\"init\">\n<fieldset class=\"hidden-fields-container\"><input type=\"hidden\" name=\"_wpcf7\" value=\"7\" \/><input type=\"hidden\" name=\"_wpcf7_version\" value=\"6.1.5\" \/><input type=\"hidden\" name=\"_wpcf7_locale\" value=\"cs_CZ\" \/><input type=\"hidden\" name=\"_wpcf7_unit_tag\" value=\"wpcf7-f7-o1\" \/><input type=\"hidden\" name=\"_wpcf7_container_post\" value=\"0\" \/><input type=\"hidden\" name=\"_wpcf7_posted_data_hash\" value=\"\" \/>\n<\/fieldset>\n<p>P\u0159ihla\u0161uji se na:<br \/>\n<span class=\"wpcf7-form-control-wrap\" data-name=\"checkbox-kurz\"><span class=\"wpcf7-form-control wpcf7-checkbox wpcf7-validates-as-required\"><span class=\"wpcf7-list-item first\"><label><input type=\"checkbox\" name=\"checkbox-kurz[]\" value=\"\u00davodn\u00ed kurz k v\u00fdcviku (8 h)\" \/><span class=\"wpcf7-list-item-label\">\u00davodn\u00ed kurz k v\u00fdcviku (8 h)<\/span><\/label><\/span><span class=\"wpcf7-list-item last\"><label><input type=\"checkbox\" name=\"checkbox-kurz[]\" value=\"V\u00fdcvik Mindfulness v poradenstv\u00ed a terapii (160 h)\" \/><span class=\"wpcf7-list-item-label\">V\u00fdcvik Mindfulness v poradenstv\u00ed a terapii (160 h)<\/span><\/label><\/span><\/span><\/span>\n<\/p>\n<p>V p\u0159\u00edpad\u011b, \u017ee se p\u0159ihla\u0161ujete na \u00favodn\u00ed kurz, napi\u0161te v\u00e1mi zvolen\u00fd term\u00edn \u00favodn\u00edho kurzu\n<\/p>\n<p><label> Term\u00edn \u00favodn\u00edho kurzu<br \/>\n<span class=\"wpcf7-form-control-wrap\" data-name=\"Termin-uvodniho-kurzu\"><input size=\"40\" maxlength=\"400\" class=\"wpcf7-form-control wpcf7-text\" aria-invalid=\"false\" value=\"\" type=\"text\" name=\"Termin-uvodniho-kurzu\" \/><\/span> <\/label>\n<\/p>\n<p><label> Jm\u00e9no a p\u0159\u00edjmen\u00ed<br \/>\n<span class=\"wpcf7-form-control-wrap\" data-name=\"your-name\"><input size=\"40\" maxlength=\"400\" class=\"wpcf7-form-control wpcf7-text wpcf7-validates-as-required\" autocomplete=\"name\" aria-required=\"true\" aria-invalid=\"false\" value=\"\" type=\"text\" name=\"your-name\" \/><\/span> <\/label>\n<\/p>\n<p><label> E-mail<br \/>\n<span class=\"wpcf7-form-control-wrap\" data-name=\"your-email\"><input size=\"40\" maxlength=\"400\" class=\"wpcf7-form-control wpcf7-email wpcf7-validates-as-required wpcf7-text wpcf7-validates-as-email\" autocomplete=\"email\" aria-required=\"true\" aria-invalid=\"false\" value=\"\" type=\"email\" name=\"your-email\" \/><\/span> <\/label>\n<\/p>\n<p><label> Telefonn\u00ed \u010d\u00edslo<br \/>\n<span class=\"wpcf7-form-control-wrap\" data-name=\"your-tel\"><input size=\"40\" maxlength=\"400\" class=\"wpcf7-form-control wpcf7-text wpcf7-validates-as-required\" autocomplete=\"tel\" aria-required=\"true\" aria-invalid=\"false\" value=\"\" type=\"text\" name=\"your-tel\" \/><\/span> <\/label>\n<\/p>\n<p>Faktura\u010dn\u00ed \u00fadaje (voliteln\u00e9)\n<\/p>\n<p><label> Jm\u00e9no organizace<br \/>\n<span class=\"wpcf7-form-control-wrap\" data-name=\"Faktura-organizace\"><input size=\"40\" maxlength=\"400\" class=\"wpcf7-form-control wpcf7-text\" aria-invalid=\"false\" value=\"\" type=\"text\" name=\"Faktura-organizace\" \/><\/span> <\/label>\n<\/p>\n<p><label> Faktura\u010dn\u00ed adresa<br \/>\n<span class=\"wpcf7-form-control-wrap\" data-name=\"Faktura-adresa\"><input size=\"40\" maxlength=\"400\" class=\"wpcf7-form-control wpcf7-text\" aria-invalid=\"false\" value=\"\" type=\"text\" name=\"Faktura-adresa\" \/><\/span> <\/label>\n<\/p>\n<p><label> I\u010cO<br \/>\n<span class=\"wpcf7-form-control-wrap\" data-name=\"Faktura-ICO\"><input size=\"40\" maxlength=\"400\" class=\"wpcf7-form-control wpcf7-text\" aria-invalid=\"false\" value=\"\" type=\"text\" name=\"Faktura-ICO\" \/><\/span> <\/label>\n<\/p>\n<p><label> Pozn\u00e1mka (voliteln\u00e1)<br \/>\n<span class=\"wpcf7-form-control-wrap\" data-name=\"your-message\"><textarea cols=\"40\" rows=\"10\" maxlength=\"2000\" class=\"wpcf7-form-control wpcf7-textarea\" aria-invalid=\"false\" name=\"your-message\"><\/textarea><\/span> <\/label>\n<\/p>\n<p><input class=\"wpcf7-form-control wpcf7-submit has-spinner\" type=\"submit\" value=\"Odeslat\" \/>\n<\/p><div class=\"wpcf7-response-output\" aria-hidden=\"true\"><\/div>\n<\/form>\n<\/div>\n<\/div>\n","protected":false},"excerpt":{"rendered":"","protected":false},"author":1,"featured_media":0,"parent":0,"menu_order":0,"comment_status":"closed","ping_status":"open","template":"","meta":{"footnotes":""},"class_list":["post-17","page","type-page","status-publish","hentry"],"_links":{"self":[{"href":"https:\/\/www.mindfulness-terapie.cz\/index.php?rest_route=\/wp\/v2\/pages\/17","targetHints":{"allow":["GET"]}}],"collection":[{"href":"https:\/\/www.mindfulness-terapie.cz\/index.php?rest_route=\/wp\/v2\/pages"}],"about":[{"href":"https:\/\/www.mindfulness-terapie.cz\/index.php?rest_route=\/wp\/v2\/types\/page"}],"author":[{"embeddable":true,"href":"https:\/\/www.mindfulness-terapie.cz\/index.php?rest_route=\/wp\/v2\/users\/1"}],"replies":[{"embeddable":true,"href":"https:\/\/www.mindfulness-terapie.cz\/index.php?rest_route=%2Fwp%2Fv2%2Fcomments&post=17"}],"version-history":[{"count":3,"href":"https:\/\/www.mindfulness-terapie.cz\/index.php?rest_route=\/wp\/v2\/pages\/17\/revisions"}],"predecessor-version":[{"id":5027,"href":"https:\/\/www.mindfulness-terapie.cz\/index.php?rest_route=\/wp\/v2\/pages\/17\/revisions\/5027"}],"wp:attachment":[{"href":"https:\/\/www.mindfulness-terapie.cz\/index.php?rest_route=%2Fwp%2Fv2%2Fmedia&parent=17"}],"curies":[{"name":"wp","href":"https:\/\/api.w.org\/{rel}","templated":true}]}}